{"id":48361,"date":"2024-03-01T17:36:00","date_gmt":"2024-03-01T17:36:00","guid":{"rendered":"https:\/\/orkia-machine.com\/?post_type=product&#038;p=48361"},"modified":"2024-03-02T23:26:56","modified_gmt":"2024-03-02T23:26:56","slug":"machine-a-coudre-jack-f5","status":"publish","type":"product","link":"https:\/\/orkia-machine.com\/ar\/product\/machine-a-coudre-jack-f5\/","title":{"rendered":"Machine \u00e0 coudre JACK F5"},"content":{"rendered":"","protected":false},"excerpt":{"rendered":"<p>Moteur \u00e9conomique et \u00e9conome en \u00e9nergie. Moteur \u00e0 plusieurs vitesses et son doux.<br \/>\nLa <strong>JACK F5<\/strong> peut coudre \u00e0 des vitesses allant jusqu&#8217;\u00e0 <strong>5500<\/strong> points par minute.<br \/>\n\u00c9quip\u00e9e d&#8217;une lampe LED pour l&#8217;\u00e9clairage.<br \/>\nSyst\u00e8me de lubrification int\u00e9gr\u00e9\u00a0: l&#8217;huile est automatiquement distribu\u00e9e dans toute la machine<\/p>","protected":false},"featured_media":48369,"comment_status":"open","ping_status":"closed","template":"","meta":[],"pwb-brand":[66],"product_cat":[60],"product_tag":[],"class_list":{"0":"post-48361","1":"product","2":"type-product","3":"status-publish","4":"has-post-thumbnail","6":"pwb-brand-jack","7":"product_cat-machine-surjeteuse","9":"first","10":"instock","11":"shipping-taxable","12":"product-type-simple"},"brands":[{"id":66,"name":"JACK","slug":"jack"}],"_links":{"self":[{"href":"https:\/\/orkia-machine.com\/ar\/wp-json\/wp\/v2\/product\/48361","targetHints":{"allow":["GET"]}}],"collection":[{"href":"https:\/\/orkia-machine.com\/ar\/wp-json\/wp\/v2\/product"}],"about":[{"href":"https:\/\/orkia-machine.com\/ar\/wp-json\/wp\/v2\/types\/product"}],"replies":[{"embeddable":true,"href":"https:\/\/orkia-machine.com\/ar\/wp-json\/wp\/v2\/comments?post=48361"}],"wp:featuredmedia":[{"embeddable":true,"href":"https:\/\/orkia-machine.com\/ar\/wp-json\/wp\/v2\/media\/48369"}],"wp:attachment":[{"href":"https:\/\/orkia-machine.com\/ar\/wp-json\/wp\/v2\/media?parent=48361"}],"wp:term":[{"taxonomy":"pwb-brand","embeddable":true,"href":"https:\/\/orkia-machine.com\/ar\/wp-json\/wp\/v2\/pwb-brand?post=48361"},{"taxonomy":"product_cat","embeddable":true,"href":"https:\/\/orkia-machine.com\/ar\/wp-json\/wp\/v2\/product_cat?post=48361"},{"taxonomy":"product_tag","embeddable":true,"href":"https:\/\/orkia-machine.com\/ar\/wp-json\/wp\/v2\/product_tag?post=48361"}],"curies":[{"name":"wp","href":"https:\/\/api.w.org\/{rel}","templated":true}]}}