{"id":48387,"date":"2024-03-01T18:32:00","date_gmt":"2024-03-01T18:32:00","guid":{"rendered":"https:\/\/orkia-machine.com\/product\/machine-a-coudre-7\/"},"modified":"2024-03-03T22:14:14","modified_gmt":"2024-03-03T22:14:14","slug":"machine-a-coudre-7","status":"publish","type":"product","link":"https:\/\/orkia-machine.com\/ar\/product\/machine-a-coudre-7\/","title":{"rendered":"Machine \u00e0 coudre 7"},"content":{"rendered":"<p>Machine \u00e0 coudre industrielle \u00e0 grande vitesse, 1 aiguille, avec servomoteur<br \/>\nJACK F5 -Moteur \u00e9lectrique \u00e0 \u00e9conomie d&#8217;\u00e9nergie, Moteur \u00e0 plusieurs vitesses et son doux.<\/p>\n<p>La JACK F5 peut coudre \u00e0 des vitesses allant jusqu&#8217;\u00e0 5 500 points par minute. -Equip\u00e9 d&#8217;une lampe LED pour l&#8217;\u00e9clairage. -Syst\u00e8me de lubrification int\u00e9gr\u00e9 : l&#8217;huile est automatiquement distribu\u00e9e dans toute la machine<\/p>","protected":false},"excerpt":{"rendered":"<p>Machine \u00e0 coudre industrielle \u00e0 grande vitesse, 1 aiguille, avec servomoteur<br \/>\nJACK F5 -Moteur \u00e9lectrique \u00e0 \u00e9conomie d&#8217;\u00e9nergie, Moteur \u00e0 plusieurs vitesses et son doux.<\/p>","protected":false},"featured_media":48364,"comment_status":"open","ping_status":"closed","template":"","meta":[],"pwb-brand":[66],"product_cat":[61],"product_tag":[],"class_list":{"0":"post-48387","1":"product","2":"type-product","3":"status-publish","4":"has-post-thumbnail","6":"pwb-brand-jack","7":"product_cat-4-fils","9":"first","10":"instock","11":"shipping-taxable","12":"product-type-simple"},"brands":[{"id":66,"name":"JACK","slug":"jack"}],"_links":{"self":[{"href":"https:\/\/orkia-machine.com\/ar\/wp-json\/wp\/v2\/product\/48387","targetHints":{"allow":["GET"]}}],"collection":[{"href":"https:\/\/orkia-machine.com\/ar\/wp-json\/wp\/v2\/product"}],"about":[{"href":"https:\/\/orkia-machine.com\/ar\/wp-json\/wp\/v2\/types\/product"}],"replies":[{"embeddable":true,"href":"https:\/\/orkia-machine.com\/ar\/wp-json\/wp\/v2\/comments?post=48387"}],"wp:featuredmedia":[{"embeddable":true,"href":"https:\/\/orkia-machine.com\/ar\/wp-json\/wp\/v2\/media\/48364"}],"wp:attachment":[{"href":"https:\/\/orkia-machine.com\/ar\/wp-json\/wp\/v2\/media?parent=48387"}],"wp:term":[{"taxonomy":"pwb-brand","embeddable":true,"href":"https:\/\/orkia-machine.com\/ar\/wp-json\/wp\/v2\/pwb-brand?post=48387"},{"taxonomy":"product_cat","embeddable":true,"href":"https:\/\/orkia-machine.com\/ar\/wp-json\/wp\/v2\/product_cat?post=48387"},{"taxonomy":"product_tag","embeddable":true,"href":"https:\/\/orkia-machine.com\/ar\/wp-json\/wp\/v2\/product_tag?post=48387"}],"curies":[{"name":"wp","href":"https:\/\/api.w.org\/{rel}","templated":true}]}}