{"id":48389,"date":"2024-03-01T18:32:00","date_gmt":"2024-03-01T18:32:00","guid":{"rendered":"https:\/\/orkia-machine.com\/product\/machine-a-coudre-9\/"},"modified":"2024-03-13T07:58:26","modified_gmt":"2024-03-13T07:58:26","slug":"machine-a-coudre-9","status":"publish","type":"product","link":"https:\/\/orkia-machine.com\/ar\/product\/machine-a-coudre-9\/","title":{"rendered":"BAOYU GT-180 \u0645\u0627\u0643\u064a\u0646\u0629 \u062e\u064a\u0627\u0637\u0629"},"content":{"rendered":"<p>Machine \u00e0 coudre industrielle BAOYU GT-180<\/p>\n<p>Aiguille unique, \u00e9quip\u00e9e d&#8217;un moteur \u00e9lectrique int\u00e9gr\u00e9 \u00e0 \u00e9conomie d&#8217;\u00e9nergie et d&#8217;un syst\u00e8me de lubrification automatique<\/p>\n<p>La machine est \u00e9quip\u00e9e d&#8217;une lumi\u00e8re LED brillante pour fournir un \u00e9clairage clair et appropri\u00e9 de la zone de travail<\/p>\n<p>Bouton de positionnement Il y a une touche de fonction dans la zone de la barre \u00e0 aiguille gr\u00e2ce \u00e0 laquelle la position de l&#8217;aiguille peut \u00eatre modifi\u00e9e : haut\/bas<\/p>","protected":false},"excerpt":{"rendered":"<p>Machine \u00e0 coudre industrielle BAOYU GT-180<\/p>\n<p>Aiguille unique, \u00e9quip\u00e9e d&#8217;un moteur \u00e9lectrique int\u00e9gr\u00e9 \u00e0 \u00e9conomie d&#8217;\u00e9nergie et d&#8217;un syst\u00e8me de lubrification automatique<\/p>","protected":false},"featured_media":48518,"comment_status":"open","ping_status":"closed","template":"","meta":[],"pwb-brand":[67],"product_cat":[59],"product_tag":[],"class_list":{"0":"post-48389","1":"product","2":"type-product","3":"status-publish","4":"has-post-thumbnail","6":"pwb-brand-baoyu","7":"product_cat-machine-a-coudre","9":"first","10":"instock","11":"shipping-taxable","12":"product-type-simple"},"brands":[{"id":67,"name":"BAOYU","slug":"baoyu"}],"_links":{"self":[{"href":"https:\/\/orkia-machine.com\/ar\/wp-json\/wp\/v2\/product\/48389","targetHints":{"allow":["GET"]}}],"collection":[{"href":"https:\/\/orkia-machine.com\/ar\/wp-json\/wp\/v2\/product"}],"about":[{"href":"https:\/\/orkia-machine.com\/ar\/wp-json\/wp\/v2\/types\/product"}],"replies":[{"embeddable":true,"href":"https:\/\/orkia-machine.com\/ar\/wp-json\/wp\/v2\/comments?post=48389"}],"wp:featuredmedia":[{"embeddable":true,"href":"https:\/\/orkia-machine.com\/ar\/wp-json\/wp\/v2\/media\/48518"}],"wp:attachment":[{"href":"https:\/\/orkia-machine.com\/ar\/wp-json\/wp\/v2\/media?parent=48389"}],"wp:term":[{"taxonomy":"pwb-brand","embeddable":true,"href":"https:\/\/orkia-machine.com\/ar\/wp-json\/wp\/v2\/pwb-brand?post=48389"},{"taxonomy":"product_cat","embeddable":true,"href":"https:\/\/orkia-machine.com\/ar\/wp-json\/wp\/v2\/product_cat?post=48389"},{"taxonomy":"product_tag","embeddable":true,"href":"https:\/\/orkia-machine.com\/ar\/wp-json\/wp\/v2\/product_tag?post=48389"}],"curies":[{"name":"wp","href":"https:\/\/api.w.org\/{rel}","templated":true}]}}